{"id":11247,"date":"2025-03-07T09:19:35","date_gmt":"2025-03-07T09:19:35","guid":{"rendered":"https:\/\/aisnapbox.com\/?page_id=11247"},"modified":"2025-04-24T09:23:54","modified_gmt":"2025-04-24T09:23:54","slug":"felhasznaloi-kezikonyv","status":"publish","type":"page","link":"https:\/\/aisnapbox.com\/index.php\/felhasznaloi-kezikonyv\/","title":{"rendered":"Adminisztr\u00e1tor fel\u00fclet"},"content":{"rendered":"<section class=\"wpb-content-wrapper\"><p>[vc_row][vc_column][vc_column_text]<span style=\"vertical-align: inherit;\"><span style=\"vertical-align: inherit;\">[\/vc_column_text][\/vc_column][\/vc_row][vc_row full_width=&#8221;stretch_row_content&#8221; equal_height=&#8221;yes&#8221; parallax=&#8221;content-moving&#8221; css=&#8221;.vc_custom_1741343481939{background-color: #232323 !important;}&#8221;][vc_column width=&#8221;1\/2&#8243; use_theme_fonts=&#8221;yes&#8221; css=&#8221;.vc_custom_1742222091786{margin-top: px !important;margin-bottom: 60px !important;margin-left: 30px !important;}&#8221;][vc_column_text css=&#8221;.vc_custom_1742467159702{padding-bottom: -20px !important;}&#8221;]<\/span><\/span><\/p>\n<h4 style=\"text-align: center;\"><span style=\"color: #ffffff;\">Esem\u00e9nyek men\u00fc:<\/span><\/h4>\n<p style=\"color: #e5e5e5; text-align: center;\"><b><span style=\"vertical-align: inherit;\"><span style=\"vertical-align: inherit;\">Az elk\u00e9sz\u00fclt k\u00e9pek ell\u00e1that\u00f3ak egyedi esem\u00e9nyre szabott kerettel \u00e9s log\u00f3val.<\/span><\/span><\/b><\/p>\n<p>[\/vc_column_text][vc_row_inner][vc_column_inner width=&#8221;1\/6&#8243;][vc_single_image image=&#8221;11293&#8243; img_size=&#8221;full&#8221; el_class=&#8221;logo&#8221;][\/vc_column_inner][vc_column_inner width=&#8221;5\/6&#8243;][vc_column_text css=&#8221;.vc_custom_1742466684158{margin-right: 30px !important;margin-left: 0px !important;}&#8221;]<\/p>\n<h4 style=\"color: #e5e5e5; text-align: left; font-size: 16px;\"><b><span style=\"vertical-align: inherit;\">Log\u00f3:<\/span><\/b><\/h4>\n<p style=\"color: #e5e5e5; text-align: left; font-size: 14px;\"><strong>A log\u00f3 m\u00e9rete:<\/strong> sz\u00e9less\u00e9g maximum 800 pixel, magass\u00e1g maximum 400 pixel. A log\u00f3 fixen a gener\u00e1lt k\u00e9p als\u00f3 harmad\u00e1ban helyezkedik el, hogy semmilyen esetben sem takarja az arcot.<\/p>\n<p>[\/vc_column_text][\/vc_column_inner][\/vc_row_inner][vc_row_inner][vc_column_inner width=&#8221;1\/6&#8243;][vc_single_image image=&#8221;11294&#8243; img_size=&#8221;full&#8221; el_class=&#8221;logo&#8221;][\/vc_column_inner][vc_column_inner width=&#8221;5\/6&#8243;][vc_column_text css=&#8221;.vc_custom_1742466702798{margin-right: 30px !important;margin-left: 0px !important;}&#8221;]<\/p>\n<h3 style=\"color: #e5e5e5; text-align: left; font-size: 16px;\"><b>fot\u00f3keret:<\/b><\/h3>\n<p style=\"color: #e5e5e5; text-align: left; font-size: 14px;\"><strong>A keret m\u00e9rete:<\/strong> 832 x 1216 pixel, \u00e1tl\u00e1tsz\u00f3 PNG (RGB + Alpha) A vissza\u00e9rkez\u0151 k\u00e9pre a szoftver helyben a helyezi fel az el\u0151re be\u00e1ll\u00edtott log\u00f3t \u00e9s keretet.<\/p>\n<p>[\/vc_column_text][\/vc_column_inner][\/vc_row_inner][vc_row_inner][vc_column_inner width=&#8221;1\/6&#8243;][vc_single_image image=&#8221;11292&#8243; img_size=&#8221;full&#8221;][\/vc_column_inner][vc_column_inner width=&#8221;5\/6&#8243;][vc_column_text css=&#8221;.vc_custom_1742811207996{margin-top: 20px !important;margin-right: 30px !important;margin-left: 0px !important;}&#8221;]<\/p>\n<p style=\"color: #e5e5e5; text-align: left;\"><span style=\"vertical-align: inherit;\"><span style=\"vertical-align: inherit;\">\u00cdgy n\u00e9z ki az elk\u00e9sz\u00fclt k\u00e9p a keret \u00e9s a log\u00f3 seg\u00edts\u00e9g\u00e9vel.<\/span><\/span><\/p>\n<p>[\/vc_column_text][\/vc_column_inner][\/vc_row_inner][vc_empty_space height=&#8221;30px&#8221;][\/vc_column][vc_column width=&#8221;1\/2&#8243; css=&#8221;.vc_custom_1741883305960{background-position: center !important;background-repeat: no-repeat !important;background-size: cover !important;}&#8221;][vc_video link=&#8221;https:\/\/youtu.be\/opqQKksRhGo&#8221; align=&#8221;center&#8221;][\/vc_column][\/vc_row][vc_row full_width=&#8221;stretch_row_content&#8221; equal_height=&#8221;yes&#8221; rtl_reverse=&#8221;yes&#8221; content_placement=&#8221;middle&#8221; css=&#8221;.vc_custom_1739955195687{background-color: #232323 !important;}&#8221; el_class=&#8221;mobile&#8221;][vc_column parallax=&#8221;content-moving&#8221; width=&#8221;1\/2&#8243; css=&#8221;.vc_custom_1739955210716{padding-right: px !important;padding-left: px !important;background-position: center !important;background-repeat: no-repeat !important;background-size: cover !important;}&#8221; el_class=&#8221;mobile1&#8243;][vc_video link=&#8221;https:\/\/youtu.be\/NTidpH57jFQ&#8221; align=&#8221;center&#8221;][\/vc_column][vc_column width=&#8221;1\/2&#8243; css=&#8221;.vc_custom_1739955225037{padding-top: 5em !important;padding-right: 40px !important;padding-bottom: 5em !important;padding-left: 40px !important;}&#8221; el_class=&#8221;mobile2&#8243;][vc_custom_heading text=&#8221;Nyomtat\u00f3 men\u00fc Windows oper\u00e1ci\u00f3s rendszerhez:&#8221; font_container=&#8221;tag:h2|text_align:left|color:%23ffffff&#8221; use_theme_fonts=&#8221;yes&#8221; css=&#8221;.vc_custom_1742467981642{margin-top: 10px !important;margin-bottom: 40px !important;margin-left: 30px !important;}&#8221;][vc_column_text css=&#8221;.vc_custom_1742202333631{margin-right: 30px !important;margin-left: 30px !important;}&#8221;]<span style=\"font-weight: 400; color: #e5e5e5;\"><span style=\"font-weight: 400;\">A jelenleg a 4 x 6 inch (10,16 cm X 15,25 cm)\u00a0 m\u00e9ret\u0171 \u00e1ll\u00edtott vagy fekv\u0151 t\u00e1jol\u00e1s\u00fa fot\u00f3k k\u00e9sz\u00edt\u00e9se enged\u00e9lyezett. A nyomtat\u00f3 be\u00e1ll\u00edt\u00e1sai az adott konfigur\u00e1ci\u00f3 tekintet\u00e9ben v\u00e1ltozhatnak. A szoftveren bel\u00fcl a r\u00e9szletes be\u00e1ll\u00edt\u00e1sok nem sz\u00fcks\u00e9gesek. A megfelel\u0151 be\u00e1ll\u00edt\u00e1sok nyomtat\u00f3 driver- \u00e9ben megadhat\u00f3k.<\/span> <\/span>[\/vc_column_text][vc_raw_html css=&#8221;.vc_custom_1743432102144{padding-top: 50px !important;}&#8221;]JTNDZm9ybSUyMCUyMCUyMCUyMGFjdGlvbiUzRCUyMmh0dHBzJTNBJTJGJTJGYWlzbmFwYm94LmNvbSUyRmluZGV4LnBocCUyRmNhcnQlMkYlMjIlMjBtZXRob2QlM0QlMjJwb3N0JTIyJTNFJTBBJTIwJTIwJTIwJTIwJTNDaW5wdXQlMjB0eXBlJTNEJTIyaGlkZGVuJTIyJTIwbmFtZSUzRCUyMmFkZC10by1jYXJ0JTIyJTIwdmFsdWUlM0QlMjIxMTMyNiUyMiUzRSUwQSUyMCUyMCUyMCUyMCUzQ2lucHV0JTIwdHlwZSUzRCUyMmhpZGRlbiUyMiUyMG5hbWUlM0QlMjJxdWFudGl0eSUyMiUyMHZhbHVlJTNEJTIyMSUyMiUzRSUwQSUyMCUyMCUyMCUyMCUzQ2J1dHRvbiUyMHR5cGUlM0QlMjJzdWJtaXQlMjIlMjBjbGFzcyUzRCUyMnNhamF0c3MlMjIlM0VKRUxFTlRLRVpFTSUyMFRFU1pURUwlQzUlOTBORUslM0MlMkZidXR0b24lM0UlMEElM0MlMkZmb3JtJTNF[\/vc_raw_html][\/vc_column][\/vc_row][vc_row full_width=&#8221;stretch_row_content&#8221; equal_height=&#8221;yes&#8221; rtl_reverse=&#8221;yes&#8221; content_placement=&#8221;middle&#8221; bg_type=&#8221;bg_color&#8221; bg_override=&#8221;ex-full&#8221; css=&#8221;.vc_custom_1739955099159{background-color: #232323 !important;}&#8221;][vc_column width=&#8221;1\/2&#8243; css=&#8221;.vc_custom_1730293421951{padding-top: 5em !important;padding-bottom: 5em !important;background-position: center !important;background-repeat: no-repeat !important;background-size: cover !important;}&#8221;][vc_custom_heading text=&#8221;Nyomtat\u00f3 men\u00fc Android oper\u00e1ci\u00f3s rendszerhez:&#8221; font_container=&#8221;tag:h2|text_align:right|color:%23ffffff&#8221; use_theme_fonts=&#8221;yes&#8221; css=&#8221;.vc_custom_1742811149445{margin-top: -30px !important;margin-right: 30px !important;margin-bottom: 60px !important;}&#8221;][vc_column_text css=&#8221;.vc_custom_1743000601672{margin-top: -30px !important;margin-right: 30px !important;margin-left: 30px !important;}&#8221;]<\/p>\n<h5 class=\"western\"><span style=\"color: #ffffff;\"><b><span style=\"vertical-align: inherit;\"><span style=\"vertical-align: inherit;\"><span style=\"vertical-align: inherit;\"><span style=\"vertical-align: inherit;\"><span style=\"vertical-align: inherit;\"><span style=\"vertical-align: inherit;\"><span style=\"vertical-align: inherit;\"><span style=\"vertical-align: inherit;\">WCM-Plus Airprint\/Ethernetprint Be\u00e1ll\u00edt\u00e1sa.<\/span><\/span><\/span><\/span><\/span><\/span><\/span><\/span><\/b><\/span><\/h5>\n<p><span style=\"color: #ffffff;\"><span style=\"vertical-align: inherit;\"><span style=\"vertical-align: inherit;\"><span style=\"vertical-align: inherit;\"><span style=\"vertical-align: inherit;\"><span style=\"vertical-align: inherit;\"><span style=\"vertical-align: inherit;\"><span style=\"vertical-align: inherit;\"><span style=\"vertical-align: inherit;\">Az Applik\u00e1ci\u00f3 nyomtat\u00e1svez\u00e9rl\u00e9se a DNP WCM-Plus eszk\u00f6zre lett konfigur\u00e1lva.<\/span><\/span><\/span><\/span><\/span><\/span><\/span><\/span><\/span><\/p>\n<ul>\n<li><span style=\"color: #ffffff;\"><span style=\"vertical-align: inherit;\"><span style=\"vertical-align: inherit;\"><span style=\"vertical-align: inherit;\"><span style=\"vertical-align: inherit;\"><span style=\"vertical-align: inherit;\"><span style=\"vertical-align: inherit;\"><span style=\"vertical-align: inherit;\"><span style=\"vertical-align: inherit;\">Csatlakoztassa a WCM-Plus-t egy DNP nyomtat\u00f3hoz.<\/span><\/span><\/span><\/span><\/span><\/span><\/span><\/span><\/span><\/li>\n<li><span style=\"color: #ffffff;\"><span style=\"vertical-align: inherit;\"><span style=\"vertical-align: inherit;\"><span style=\"vertical-align: inherit;\"><span style=\"vertical-align: inherit;\"><span style=\"vertical-align: inherit;\"><span style=\"vertical-align: inherit;\"><span style=\"vertical-align: inherit;\"><span style=\"vertical-align: inherit;\">Csatlakoztassa a h\u00e1l\u00f3zati t\u00e1pegys\u00e9get a WCM-Plus modulhoz.<\/span><\/span><\/span><\/span><\/span><\/span><\/span><\/span><\/span><\/li>\n<li><span style=\"color: #ffffff;\"><span style=\"vertical-align: inherit;\"><span style=\"vertical-align: inherit;\"><span style=\"vertical-align: inherit;\"><span style=\"vertical-align: inherit;\"><span style=\"vertical-align: inherit;\"><span style=\"vertical-align: inherit;\"><span style=\"vertical-align: inherit;\"><span style=\"vertical-align: inherit;\">Csatlakoztassa eszk\u00f6z\u00e9t ( Android ) a WCM-Plus hotspotj\u00e1hoz. Az eszk\u00f6z Wi-Fi be\u00e1ll\u00edt\u00e1si lehet\u0151s\u00e9gekb\u0151l v\u00e1lassza ki a WCM-Plus h\u00e1l\u00f3zatot.<\/span><\/span><\/span><\/span><\/span><\/span><\/span><\/span><\/span><\/li>\n<li><span style=\"color: #ffffff;\"><span style=\"vertical-align: inherit;\"><span style=\"vertical-align: inherit;\"><span style=\"vertical-align: inherit;\"><span style=\"vertical-align: inherit;\"><span style=\"vertical-align: inherit;\"><span style=\"vertical-align: inherit;\"><span style=\"vertical-align: inherit;\"><span style=\"vertical-align: inherit;\">A hotspot SSID-je \u00e9s jelszav\u00e1t a h\u00e1l\u00f3zati be\u00e1ll\u00edt\u00e1sokban m\u00f3dos\u00edthat\u00f3.<\/span><\/span><\/span><\/span><\/span><\/span><\/span><\/span><\/span><\/li>\n<\/ul>\n<p><span style=\"color: #ffffff;\"><span style=\"vertical-align: inherit;\"><span style=\"vertical-align: inherit;\"><span style=\"vertical-align: inherit;\"><span style=\"vertical-align: inherit;\"><span style=\"vertical-align: inherit;\"><span style=\"vertical-align: inherit;\"><span style=\"vertical-align: inherit;\"><span style=\"vertical-align: inherit;\">A tov\u00e1bbi be\u00e1ll\u00edt\u00e1si r\u00e9szletek\u00e9rt t\u00f6ltse le a gy\u00e1ri haszn\u00e1lati \u00fatmutat\u00f3t:<\/span><\/span><\/span><\/span><\/span><\/span><\/span><\/span><\/span>[\/vc_column_text][vc_btn title=&#8221;PDF let\u00f6lt\u00e9s&#8221; style=&#8221;classic&#8221; size=&#8221;xs&#8221; align=&#8221;center&#8221; link=&#8221;url:https%3A%2F%2Faisnapbox.com%2Fwp-content%2Fuploads%2F2025%2F03%2FWCM-Plus-User-Guide-20230901c.pdf&#8221; css=&#8221;.vc_custom_1743432115564{margin-left: 50px !important;padding-top: 20px !important;}&#8221;][\/vc_column][vc_column parallax=&#8221;content-moving&#8221; width=&#8221;1\/2&#8243; css=&#8221;.vc_custom_1739397938549{background-position: center !important;background-repeat: no-repeat !important;background-size: cover !important;}&#8221;][vc_video link=&#8221;https:\/\/youtu.be\/C_kUnqKgv6E&#8221; css=&#8221;.vc_custom_1743062965512{margin-top: -60px !important;}&#8221;][\/vc_column][\/vc_row][vc_row full_width=&#8221;stretch_row_content&#8221; equal_height=&#8221;yes&#8221; rtl_reverse=&#8221;yes&#8221; content_placement=&#8221;middle&#8221; parallax=&#8221;content-moving&#8221; css=&#8221;.vc_custom_1739955246302{background-color: #232323 !important;}&#8221; el_class=&#8221;mobile&#8221;][vc_column parallax=&#8221;content-moving&#8221; width=&#8221;1\/2&#8243; css=&#8221;.vc_custom_1743025645164{padding-right: 40px !important;padding-left: 40px !important;background-position: center !important;background-repeat: no-repeat !important;background-size: cover !important;}&#8221; el_class=&#8221;mobile1&#8243;][vc_video link=&#8221;https:\/\/youtu.be\/5SMED7YuL_U&#8221;][\/vc_column][vc_column width=&#8221;1\/2&#8243; css=&#8221;.vc_custom_1739955283212{border-top-width: 5em !important;padding-right: 40px !important;padding-bottom: 5em !important;padding-left: 40px !important;}&#8221; el_class=&#8221;mobile2&#8243;][vc_custom_heading text=&#8221;Kamera men\u00fc:&#8221; font_container=&#8221;tag:h2|text_align:center|color:%23ffffff&#8221; use_theme_fonts=&#8221;yes&#8221; css=&#8221;.vc_custom_1742467893585{margin-top: 30px !important;margin-bottom: 30px !important;margin-left: 30px !important;}&#8221;][vc_row_inner][vc_column_inner width=&#8221;1\/6&#8243;][vc_single_image image=&#8221;11301&#8243; img_size=&#8221;full&#8221;][\/vc_column_inner][vc_column_inner width=&#8221;1\/6&#8243;][vc_single_image image=&#8221;11299&#8243; img_size=&#8221;full&#8221; alignment=&#8221;center&#8221;][\/vc_column_inner][vc_column_inner width=&#8221;4\/6&#8243;][vc_column_text css=&#8221;.vc_custom_1742203844602{margin-right: 30px !important;margin-left: 0px !important;}&#8221;]<\/p>\n<p style=\"text-align: left; color: #e5e5e5;\">Az AI gener\u00e1lt k\u00e9peredm\u00e9ny akkor t\u00f6k\u00e9letes, ha az alany arca \u00e9s fels\u0151teste a lehet\u0151 legnagyobb m\u00e9rt\u00e9kben kit\u00f6lti a k\u00e9pablakot.<\/p>\n<p>[\/vc_column_text][\/vc_column_inner][\/vc_row_inner][vc_row_inner css=&#8221;.vc_custom_1742203872593{padding-top: 20px !important;}&#8221;][vc_column_inner width=&#8221;1\/6&#8243;][vc_single_image image=&#8221;11303&#8243; img_size=&#8221;full&#8221; alignment=&#8221;right&#8221;][\/vc_column_inner][vc_column_inner width=&#8221;1\/6&#8243;][vc_single_image image=&#8221;11306&#8243; img_size=&#8221;full&#8221;][\/vc_column_inner][vc_column_inner width=&#8221;4\/6&#8243;][vc_column_text css=&#8221;.vc_custom_1742203851922{margin-right: 30px !important;margin-left: 0px !important;}&#8221;]<\/p>\n<p style=\"text-align: left; color: #e5e5e5;\"><span style=\"font-weight: 400;\">\u00a0A gener\u00e1lt k\u00e9pek eset\u00e9n kiz\u00e1r\u00f3lag egy arc megengedett. Amennyiben a rendszer nem tal\u00e1l arcot a k\u00e9pen, alaphelyzetbe \u00e1ll \u00e9s nem gener\u00e1l tartalmat.<\/span><\/p>\n<p>[\/vc_column_text][\/vc_column_inner][\/vc_row_inner][\/vc_column][\/vc_row][vc_row full_width=&#8221;stretch_row_content&#8221; equal_height=&#8221;yes&#8221; bg_type=&#8221;bg_color&#8221; bg_override=&#8221;ex-full&#8221; css=&#8221;.vc_custom_1739479838283{background-color: #232323 !important;}&#8221;][vc_column width=&#8221;1\/2&#8243; css=&#8221;.vc_custom_1730293431223{padding-top: 5em !important;padding-bottom: 5em !important;background-position: center !important;background-repeat: no-repeat !important;background-size: cover !important;}&#8221;][vc_custom_heading text=&#8221;K\u00e9pt\u00e1r men\u00fc:&#8221; font_container=&#8221;tag:h2|text_align:center|color:%23ffffff&#8221; use_theme_fonts=&#8221;yes&#8221; css=&#8221;.vc_custom_1742467920997{margin-top: 10px !important;margin-right: 30px !important;margin-bottom: 30px !important;}&#8221;][vc_column_text css=&#8221;.vc_custom_1742467454346{margin-right: 30px !important;margin-left: 30px !important;}&#8221;]<\/p>\n<p style=\"color: #e5e5e5; text-align: left;\"><span style=\"font-weight: 400;\"><span style=\"vertical-align: inherit;\"><span style=\"vertical-align: inherit;\">A k\u00e9pek sem a nyers sem feldolgozott form\u00e1ban nem ker\u00fclnek t\u00e1rol\u00e1sra a szervereinken. A feldolgoz\u00e1st k\u00f6vet\u0151en azonnal t\u00f6rl\u0151dnek \u00e9s kiz\u00e1r\u00f3lag v\u00e9gfelhaszn\u00e1l\u00f3i eszk\u00f6z\u00f6n ker\u00fclnek t\u00e1rol\u00e1sra. A k\u00e9p helyben csak akkor ker\u00fcl ment\u00e9sre majd t\u00e1rol\u00e1sra az eszk\u00f6z\u00f6n, ha a felhaszn\u00e1l\u00f3 kinyomtatja azt vagy QR seg\u00edts\u00e9g\u00e9vel t\u00f6rt\u00e9n\u0151 let\u00f6lt\u00e9st v\u00e1lasztja. Ellenkez\u0151 esetben az eredeti \u00e9s a gener\u00e1lt k\u00e9pek azonnal t\u00f6rl\u0151dnek a szerverr\u0151l \u00e9s a felhaszn\u00e1l\u00f3 eszk\u00f6z\u00e9r\u0151l is.<\/span><\/span><\/span><\/p>\n<p style=\"color: #e5e5e5; text-align: left;\"><span style=\"font-weight: 400;\"><span style=\"vertical-align: inherit;\"><span style=\"vertical-align: inherit;\"> A felhaszn\u00e1l\u00f3nak lehet\u0151s\u00e9g van a mentett k\u00e9pek \u00fajranyomtat\u00e1s\u00e1ra vagy QR k\u00f3dos let\u00f6lt\u00e9s\u00e9re is. QR-os let\u00f6lt\u00e9s eset\u00e9n a k\u00e9p ideiglenesen felt\u00f6lt\u00e9sre ker\u00fcl, m\u00edg a kijelz\u0151n l\u00e1tszik az adott k\u00f3d. Annak elt\u0171n\u00e9s\u00e9t k\u00f6vet\u0151en, a szerverr\u0151l \u00fajra t\u00f6rl\u0151dik.<\/span><\/span><\/span><\/p>\n<p>[\/vc_column_text][\/vc_column][vc_column parallax=&#8221;content-moving&#8221; width=&#8221;1\/2&#8243; css=&#8221;.vc_custom_1743025590587{background-position: center !important;background-repeat: no-repeat !important;background-size: cover !important;}&#8221;][vc_video link=&#8221;https:\/\/youtu.be\/m12BHuTlCKU&#8221;][\/vc_column][\/vc_row][vc_row full_width=&#8221;stretch_row_content&#8221; equal_height=&#8221;yes&#8221; rtl_reverse=&#8221;yes&#8221; content_placement=&#8221;middle&#8221; parallax=&#8221;content-moving&#8221; css=&#8221;.vc_custom_1739955246302{background-color: #232323 !important;}&#8221; el_class=&#8221;mobile&#8221;][vc_column parallax=&#8221;content-moving&#8221; width=&#8221;1\/2&#8243; css=&#8221;.vc_custom_1743025635619{background-position: center !important;background-repeat: no-repeat !important;background-size: cover !important;}&#8221; el_class=&#8221;mobile1&#8243;][vc_video link=&#8221;https:\/\/youtu.be\/blmq68eKvFQ&#8221;][\/vc_column][vc_column width=&#8221;1\/2&#8243; css=&#8221;.vc_custom_1739955283212{border-top-width: 5em !important;padding-right: 40px !important;padding-bottom: 5em !important;padding-left: 40px !important;}&#8221; el_class=&#8221;mobile2&#8243;][vc_custom_heading text=&#8221;License men\u00fc:&#8221; font_container=&#8221;tag:h2|text_align:center|color:%23ffffff&#8221; use_theme_fonts=&#8221;yes&#8221; css=&#8221;.vc_custom_1742467847522{margin-top: 30px !important;margin-bottom: 30px !important;margin-left: 30px !important;}&#8221;][vc_column_text css=&#8221;.vc_custom_1743001119533{margin-right: 30px !important;margin-left: 30px !important;}&#8221;]<\/p>\n<p style=\"text-align: left; color: #e5e5e5;\"><span style=\"font-weight: 400;\">Aktu\u00e1lis licensz k\u00f3dj\u00e1t v\u00e1s\u00e1rl\u00e1s ut\u00e1n email-ben k\u00fcldj\u00fck el valamint megtal\u00e1lhatja az a v\u00e1s\u00e1rl\u00e1skor automatikusan elk\u00e9sz\u00fclt \u00fcgyf\u00e9lfi\u00f3kj\u00e1ban is. A rendszer az egy\u00e9b megv\u00e1s\u00e1rolt term\u00e9keit pl. sablonokat is ehhez a k\u00f3dhoz t\u00e1rs\u00edtja.<\/span><\/p>\n<p>[\/vc_column_text][vc_raw_html css=&#8221;.vc_custom_1743432172417{padding-top: 50px !important;}&#8221;]JTNDZm9ybSUyMCUyMHN0eWxlJTNEJTIyYWxpZ24tdGV4dCUzQSUyMHJpZ2h0JTNCJTIyJTIwJTIwYWN0aW9uJTNEJTIyaHR0cHMlM0ElMkYlMkZhaXNuYXBib3guY29tJTJGaW5kZXgucGhwJTJGY2FydCUyRiUyMiUyMG1ldGhvZCUzRCUyMnBvc3QlMjIlM0UlMEElMjAlMjAlMjAlMjAlM0NpbnB1dCUyMHR5cGUlM0QlMjJoaWRkZW4lMjIlMjBuYW1lJTNEJTIyYWRkLXRvLWNhcnQlMjIlMjB2YWx1ZSUzRCUyMjExMzI2JTIyJTNFJTBBJTIwJTIwJTIwJTIwJTNDaW5wdXQlMjB0eXBlJTNEJTIyaGlkZGVuJTIyJTIwbmFtZSUzRCUyMnF1YW50aXR5JTIyJTIwdmFsdWUlM0QlMjIxJTIyJTNFJTBBJTIwJTIwJTIwJTIwJTNDYnV0dG9uJTIwdHlwZSUzRCUyMnN1Ym1pdCUyMiUyMGNsYXNzJTNEJTIyc2FqYXRzcyUyMiUzRUpFTEVOVEtFWkVNJTIwVEVTWlRFTCVDNSU5ME5FSyUzQyUyRmJ1dHRvbiUzRSUwQSUzQyUyRmZvcm0lM0U=[\/vc_raw_html][\/vc_column][\/vc_row][vc_row css=&#8221;.vc_custom_1741883865636{margin-top: 50px !important;}&#8221;][vc_column][vc_column_text]<\/p>\n<h2 style=\"text-align: center;\"><b><span style=\"vertical-align: inherit;\"><span style=\"vertical-align: inherit;\">Vegye fel vel\u00fcnk a kapcsolatot!<\/span><\/span><\/b><\/h2>\n<p style=\"text-align: center;\">Itt oszthatja meg \u00e9szrev\u00e9teleit, probl\u00e9m\u00e1it, \u00f6tleteit a szoftver haszn\u00e1lat\u00e1val kapcsolatban.<\/p>\n<p>[\/vc_column_text]\n<div class=\"wpcf7 no-js\" id=\"wpcf7-f8945-o1\" lang=\"en-US\" dir=\"ltr\" data-wpcf7-id=\"8945\">\n<div class=\"screen-reader-response\"><p role=\"status\" aria-live=\"polite\" aria-atomic=\"true\"><\/p> <ul><\/ul><\/div>\n<form action=\"\/index.php\/wp-json\/wp\/v2\/pages\/11247#wpcf7-f8945-o1\" method=\"post\" class=\"wpcf7-form init demo\" aria-label=\"Contact form\" novalidate=\"novalidate\" data-status=\"init\">\n<fieldset class=\"hidden-fields-container\"><input type=\"hidden\" name=\"_wpcf7\" value=\"8945\" \/><input type=\"hidden\" name=\"_wpcf7_version\" value=\"6.1.5\" \/><input type=\"hidden\" name=\"_wpcf7_locale\" value=\"en_US\" \/><input type=\"hidden\" name=\"_wpcf7_unit_tag\" value=\"wpcf7-f8945-o1\" \/><input type=\"hidden\" name=\"_wpcf7_container_post\" value=\"0\" \/><input type=\"hidden\" name=\"_wpcf7_posted_data_hash\" value=\"\" \/>\n<\/fieldset>\n<div class=\"carbon-form-simple-wide style2\">\n\t<div class=\"f-name\">\n\t\t<p><span class=\"wpcf7-form-control-wrap\" data-name=\"your-name\"><input size=\"40\" maxlength=\"400\" class=\"wpcf7-form-control wpcf7-text wpcf7-validates-as-required\" aria-required=\"true\" aria-invalid=\"false\" placeholder=\"Csal\u00e1dn\u00e9v *\" value=\"\" type=\"text\" name=\"your-name\" \/><\/span>\n\t\t<\/p>\n\t<\/div>\n\t<div class=\"f-name\">\n\t\t<p><span class=\"wpcf7-form-control-wrap\" data-name=\"your-name2\"><input size=\"40\" maxlength=\"400\" class=\"wpcf7-form-control wpcf7-text wpcf7-validates-as-required\" aria-required=\"true\" aria-invalid=\"false\" placeholder=\"Keresztn\u00e9v *\" value=\"\" type=\"text\" name=\"your-name2\" \/><\/span>\n\t\t<\/p>\n\t<\/div>\n\t<div class=\"f-email\">\n\t\t<p><span class=\"wpcf7-form-control-wrap\" data-name=\"your-email\"><input size=\"40\" maxlength=\"400\" class=\"wpcf7-form-control wpcf7-email wpcf7-validates-as-required wpcf7-text wpcf7-validates-as-email\" aria-required=\"true\" aria-invalid=\"false\" placeholder=\"Email *\" value=\"\" type=\"email\" name=\"your-email\" \/><\/span>\n\t\t<\/p>\n\t<\/div>\n\t<div class=\"f-message\">\n\t\t<p><span class=\"wpcf7-form-control-wrap\" data-name=\"your-message\"><textarea cols=\"40\" rows=\"10\" maxlength=\"2000\" class=\"wpcf7-form-control wpcf7-textarea wpcf7-validates-as-required\" aria-required=\"true\" aria-invalid=\"false\" placeholder=\"\u00dczenet *\" name=\"your-message\"><\/textarea><\/span>\n\t\t<\/p>\n\t<\/div>\n\t<div class=\"bt-contact\">\n\t\t<p><a class=\"btn-contact-left\"  href=\"javascript:;\"><input class=\"wpcf7-form-control wpcf7-submit has-spinner\" type=\"submit\" value=\"K\u00fcld\u00e9s\" \/><\/a>\n\t\t<\/p>\n\t<\/div>\n<\/div><p style=\"display: none !important;\" class=\"akismet-fields-container\" data-prefix=\"_wpcf7_ak_\"><label>&#916;<textarea name=\"_wpcf7_ak_hp_textarea\" cols=\"45\" rows=\"8\" maxlength=\"100\"><\/textarea><\/label><input type=\"hidden\" id=\"ak_js_1\" name=\"_wpcf7_ak_js\" value=\"64\"\/><script>document.getElementById( \"ak_js_1\" ).setAttribute( \"value\", ( new Date() ).getTime() );<\/script><\/p><div class=\"wpcf7-response-output\" aria-hidden=\"true\"><\/div>\n<\/form>\n<\/div>\n[\/vc_column][\/vc_row][vc_row][vc_column][vc_column_text][\/vc_column_text][\/vc_column][\/vc_row]<\/p>\n<\/section>","protected":false},"excerpt":{"rendered":"<p>[vc_row][vc_column][vc_column_text][\/vc_column_text][\/vc_column][\/vc_row][vc_row full_width=&#8221;stretch_row_content&#8221; equal_height=&#8221;yes&#8221; parallax=&#8221;content-moving&#8221; css=&#8221;.vc_custom_1741343481939{background-color: #232323 !important;}&#8221;][vc_column width=&#8221;1\/2&#8243; use_theme_fonts=&#8221;yes&#8221; css=&#8221;.vc_custom_1742222091786{margin-top: px !important;margin-bottom: 60px !important;margin-left: 30px !important;}&#8221;][vc_column_text css=&#8221;.vc_custom_1742467159702{padding-bottom: -20px !important;}&#8221;] Esem\u00e9nyek men\u00fc: Az elk\u00e9sz\u00fclt k\u00e9pek ell\u00e1that\u00f3ak egyedi esem\u00e9nyre szabott kerettel \u00e9s log\u00f3val. [\/vc_column_text][vc_row_inner][vc_column_inner width=&#8221;1\/6&#8243;][vc_single_image image=&#8221;11293&#8243; img_size=&#8221;full&#8221; el_class=&#8221;logo&#8221;][\/vc_column_inner][vc_column_inner width=&#8221;5\/6&#8243;][vc_column_text css=&#8221;.vc_custom_1742466684158{margin-right: 30px !important;margin-left: 0px !important;}&#8221;] Log\u00f3: A log\u00f3 m\u00e9rete: sz\u00e9less\u00e9g maximum 800 pixel, magass\u00e1g maximum 400 pixel. A [&hellip;]<\/p>\n","protected":false},"author":4,"featured_media":0,"parent":0,"menu_order":0,"comment_status":"closed","ping_status":"closed","template":"page.php","meta":{"footnotes":""},"class_list":["post-11247","page","type-page","status-publish","hentry"],"_links":{"self":[{"href":"https:\/\/aisnapbox.com\/index.php\/wp-json\/wp\/v2\/pages\/11247","targetHints":{"allow":["GET"]}}],"collection":[{"href":"https:\/\/aisnapbox.com\/index.php\/wp-json\/wp\/v2\/pages"}],"about":[{"href":"https:\/\/aisnapbox.com\/index.php\/wp-json\/wp\/v2\/types\/page"}],"author":[{"embeddable":true,"href":"https:\/\/aisnapbox.com\/index.php\/wp-json\/wp\/v2\/users\/4"}],"replies":[{"embeddable":true,"href":"https:\/\/aisnapbox.com\/index.php\/wp-json\/wp\/v2\/comments?post=11247"}],"version-history":[{"count":99,"href":"https:\/\/aisnapbox.com\/index.php\/wp-json\/wp\/v2\/pages\/11247\/revisions"}],"predecessor-version":[{"id":11607,"href":"https:\/\/aisnapbox.com\/index.php\/wp-json\/wp\/v2\/pages\/11247\/revisions\/11607"}],"wp:attachment":[{"href":"https:\/\/aisnapbox.com\/index.php\/wp-json\/wp\/v2\/media?parent=11247"}],"curies":[{"name":"wp","href":"https:\/\/api.w.org\/{rel}","templated":true}]}}