{"id":11313,"date":"2025-03-17T09:48:31","date_gmt":"2025-03-17T09:48:31","guid":{"rendered":"https:\/\/aisnapbox.com\/?page_id=11313"},"modified":"2025-04-01T08:10:23","modified_gmt":"2025-04-01T08:10:23","slug":"felhasznaloi-kezelofelulet","status":"publish","type":"page","link":"https:\/\/aisnapbox.com\/index.php\/felhasznaloi-kezelofelulet\/","title":{"rendered":"Felhaszn\u00e1l\u00f3i kezel\u0151fel\u00fclet"},"content":{"rendered":"<section class=\"wpb-content-wrapper\"><p>[vc_row][vc_column][vc_column_text]<span style=\"vertical-align: inherit;\"><span style=\"vertical-align: inherit;\">[\/vc_column_text][\/vc_column][\/vc_row][vc_row full_width=&#8221;stretch_row_content&#8221; equal_height=&#8221;yes&#8221; parallax=&#8221;content-moving&#8221; css=&#8221;.vc_custom_1741343481939{background-color: #232323 !important;}&#8221;][vc_column width=&#8221;1\/2&#8243; use_theme_fonts=&#8221;yes&#8221; css=&#8221;.vc_custom_1741339577473{margin-top: 60px !important;margin-bottom: 60px !important;margin-left: 30px !important;}&#8221;][vc_custom_heading text=&#8221;F\u0151k\u00e9perny\u0151.&#8221; font_container=&#8221;tag:h2|text_align:right|color:%23ffffff&#8221; use_theme_fonts=&#8221;yes&#8221; css=&#8221;.vc_custom_1742814181193{margin-top: -20px !important;margin-bottom: 60px !important;}&#8221;][vc_column_text css=&#8221;.vc_custom_1743025238995{margin-right: 0px !important;margin-left: 0px !important;}&#8221;]<\/span><\/span><\/p>\n<h5 style=\"text-align: right;\"><span style=\"font-weight: 400; color: #ffffff;\"><span style=\"vertical-align: inherit;\"><span style=\"vertical-align: inherit;\"><span style=\"vertical-align: inherit;\"><span style=\"vertical-align: inherit;\"><span style=\"vertical-align: inherit;\"><span style=\"vertical-align: inherit;\">T\u0171nj ki a hasonl\u00f3 v\u00e1llalkoz\u00e1sok k\u00f6z\u00fcl! Ny\u00fajts megrendel\u0151idnek egyedi AI k\u00e9p\u00e9lm\u00e9nyeket.<\/span><\/span><\/span><\/span><\/span><\/span><\/span><\/h5>\n<p style=\"text-align: right;\"><span style=\"font-weight: 400; color: #ffffff;\"><span style=\"vertical-align: inherit;\"><span style=\"vertical-align: inherit;\"><span style=\"vertical-align: inherit;\"><span style=\"vertical-align: inherit;\"><span style=\"vertical-align: inherit;\"><span style=\"vertical-align: inherit;\">Felejthetetlen pillanatok mindenkinek az AI Snapbox-szal! Gyors k\u00e9pgener\u00e1l\u00e1s, kreat\u00edv sablonok, azonnali nyomtat\u00e1s \u00e9s megoszt\u00e1s. Egyszer\u0171en zseni\u00e1lis! Haszn\u00e1lata pofonegyszer\u0171. Az AiSnapbox \u00e1ltal gener\u00e1lt k\u00e9pek azonnal megragadj\u00e1k a felhaszn\u00e1l\u00f3k figyelm\u00e9t. \u00daj szintre emelj\u00fck a szelfig\u00e9p \u00e9lm\u00e9nyt.<\/span><\/span><\/span><\/span><\/span><\/span><\/span><\/p>\n<p>[\/vc_column_text][vc_row_inner][vc_column_inner width=&#8221;4\/5&#8243; css=&#8221;.vc_custom_1742814024579{margin-top: -40px !important;margin-left: 70px !important;}&#8221;][\/vc_column_inner][\/vc_row_inner][vc_empty_space height=&#8221;30px&#8221;][vc_raw_html]JTNDZm9ybSUyMCUyMHN0eWxlJTNEJTIydGV4dC1hbGlnbiUzQSUyMHJpZ2h0JTNCJTIyJTIwJTIwJTIwYWN0aW9uJTNEJTIyaHR0cHMlM0ElMkYlMkZhaXNuYXBib3guY29tJTJGaW5kZXgucGhwJTJGY2FydCUyRiUyMiUyMG1ldGhvZCUzRCUyMnBvc3QlMjIlM0UlMEElMjAlMjAlMjAlMjAlM0NpbnB1dCUyMHR5cGUlM0QlMjJoaWRkZW4lMjIlMjBuYW1lJTNEJTIyYWRkLXRvLWNhcnQlMjIlMjB2YWx1ZSUzRCUyMjExMzI2JTIyJTNFJTBBJTIwJTIwJTIwJTIwJTNDaW5wdXQlMjB0eXBlJTNEJTIyaGlkZGVuJTIyJTIwbmFtZSUzRCUyMnF1YW50aXR5JTIyJTIwdmFsdWUlM0QlMjIxJTIyJTNFJTBBJTIwJTIwJTIwJTIwJTNDYnV0dG9uJTIwdHlwZSUzRCUyMnN1Ym1pdCUyMiUyMGNsYXNzJTNEJTIyc2FqYXRzcyUyMiUzRUpFTEVOVEtFWkVNJTIwVEVTWlRFTCVDNSU5ME5FSyUzQyUyRmJ1dHRvbiUzRSUwQSUzQyUyRmZvcm0lM0U=[\/vc_raw_html][\/vc_column][vc_column width=&#8221;1\/2&#8243; css=&#8221;.vc_custom_1741883305960{background-position: center !important;background-repeat: no-repeat !important;background-size: cover !important;}&#8221;][vc_video link=&#8221;https:\/\/youtu.be\/a5B7uqJbNtc&#8221; align=&#8221;center&#8221;][\/vc_column][\/vc_row][vc_row full_width=&#8221;stretch_row_content&#8221; equal_height=&#8221;yes&#8221; rtl_reverse=&#8221;yes&#8221; content_placement=&#8221;middle&#8221; css=&#8221;.vc_custom_1739955195687{background-color: #232323 !important;}&#8221; el_class=&#8221;mobile&#8221;][vc_column parallax=&#8221;content-moving&#8221; width=&#8221;1\/2&#8243; css=&#8221;.vc_custom_1739955210716{padding-right: px !important;padding-left: px !important;background-position: center !important;background-repeat: no-repeat !important;background-size: cover !important;}&#8221; el_class=&#8221;mobile1&#8243;][vc_video link=&#8221;https:\/\/youtu.be\/NTidpH57jFQ&#8221; align=&#8221;center&#8221;][\/vc_column][vc_column width=&#8221;1\/2&#8243; css=&#8221;.vc_custom_1739955225037{padding-top: 5em !important;padding-right: 40px !important;padding-bottom: 5em !important;padding-left: 40px !important;}&#8221; el_class=&#8221;mobile2&#8243;][vc_custom_heading text=&#8221;Background Remover m\u0171k\u00f6d\u00e9se :&#8221; font_container=&#8221;tag:h3|text_align:left|color:%23ffffff&#8221; use_theme_fonts=&#8221;yes&#8221; css=&#8221;.vc_custom_1742814302963{margin-top: 20px !important;margin-bottom: 60px !important;margin-left: 30px !important;}&#8221;][vc_column_text css=&#8221;.vc_custom_1743001396102{margin-top: -20px !important;margin-right: 30px !important;margin-left: 30px !important;}&#8221;]<\/p>\n<h6><span style=\"font-weight: 400; color: #e5e5e5;\"><span style=\"font-weight: 400;\"><span style=\"vertical-align: inherit;\"><span style=\"vertical-align: inherit;\">Egyel\u0151re a funkci\u00f3 csak az Android eszk\u00f6z\u00f6k\u00f6n \u00e9rhet\u0151 el. A Windows &#8211; os haszn\u00e1lat fejleszt\u00e9s alatt.<\/span><\/span><\/span><\/span><\/h6>\n<p><span style=\"font-weight: 400; color: #e5e5e5;\"><span style=\"font-weight: 400;\"><span style=\"vertical-align: inherit;\"><span style=\"vertical-align: inherit;\">Android eszk\u00f6z\u00f6n nem csak elt\u00e1vol\u00edtja a h\u00e1tteret, de a behelyettes\u00edtett h\u00e1tt\u00e9rnek megfelel\u0151en a fot\u00f3 alany\u00e1nak arc\u00e1ra es\u0151 f\u00e9ny is \u00fajra gener\u00e1l\u00e1sra ker\u00fcl a h\u00e1tt\u00e9rk\u00e9ppel szinkronban. Ebben a funkci\u00f3ban m\u00e1r t\u00f6bb szerepl\u0151 is megjelenik a k\u00e9pen att\u00f3l f\u00fcgg\u0151en, hogy a k\u00e9p t\u00e1jol\u00e1s\u00e1n \u00e1ll\u00edtott vagy fektetett \u00e9s optim\u00e1lisan h\u00e1nyan f\u00e9rnek el rajta. A tesztverzi\u00f3ban csak a v\u00e1laszthat\u00f3 h\u00e1tt\u00e9rk\u00e9pek \u00e9rhet\u0151k el.<\/span><\/span><\/span><\/span>[\/vc_column_text][\/vc_column][\/vc_row][vc_row css=&#8221;.vc_custom_1741883865636{margin-top: 50px !important;}&#8221;][vc_column][vc_column_text]<\/p>\n<h2 style=\"text-align: center;\"><b>Vegye fel vel\u00fcnk a kapcsolatot!<\/b><\/h2>\n<p style=\"text-align: center;\">Itt oszthatja meg \u00e9szrev\u00e9teleit, probl\u00e9m\u00e1it, \u00f6tleteit a szoftver haszn\u00e1lat\u00e1val kapcsolatban.<\/p>\n<p>[\/vc_column_text]\n<div class=\"wpcf7 no-js\" id=\"wpcf7-f8945-o1\" lang=\"en-US\" dir=\"ltr\" data-wpcf7-id=\"8945\">\n<div class=\"screen-reader-response\"><p role=\"status\" aria-live=\"polite\" aria-atomic=\"true\"><\/p> <ul><\/ul><\/div>\n<form action=\"\/index.php\/wp-json\/wp\/v2\/pages\/11313#wpcf7-f8945-o1\" method=\"post\" class=\"wpcf7-form init demo\" aria-label=\"Contact form\" novalidate=\"novalidate\" data-status=\"init\">\n<fieldset class=\"hidden-fields-container\"><input type=\"hidden\" name=\"_wpcf7\" value=\"8945\" \/><input type=\"hidden\" name=\"_wpcf7_version\" value=\"6.1.5\" \/><input type=\"hidden\" name=\"_wpcf7_locale\" value=\"en_US\" \/><input type=\"hidden\" name=\"_wpcf7_unit_tag\" value=\"wpcf7-f8945-o1\" \/><input type=\"hidden\" name=\"_wpcf7_container_post\" value=\"0\" \/><input type=\"hidden\" name=\"_wpcf7_posted_data_hash\" value=\"\" \/>\n<\/fieldset>\n<div class=\"carbon-form-simple-wide style2\">\n\t<div class=\"f-name\">\n\t\t<p><span class=\"wpcf7-form-control-wrap\" data-name=\"your-name\"><input size=\"40\" maxlength=\"400\" class=\"wpcf7-form-control wpcf7-text wpcf7-validates-as-required\" aria-required=\"true\" aria-invalid=\"false\" placeholder=\"Csal\u00e1dn\u00e9v *\" value=\"\" type=\"text\" name=\"your-name\" \/><\/span>\n\t\t<\/p>\n\t<\/div>\n\t<div class=\"f-name\">\n\t\t<p><span class=\"wpcf7-form-control-wrap\" data-name=\"your-name2\"><input size=\"40\" maxlength=\"400\" class=\"wpcf7-form-control wpcf7-text wpcf7-validates-as-required\" aria-required=\"true\" aria-invalid=\"false\" placeholder=\"Keresztn\u00e9v *\" value=\"\" type=\"text\" name=\"your-name2\" \/><\/span>\n\t\t<\/p>\n\t<\/div>\n\t<div class=\"f-email\">\n\t\t<p><span class=\"wpcf7-form-control-wrap\" data-name=\"your-email\"><input size=\"40\" maxlength=\"400\" class=\"wpcf7-form-control wpcf7-email wpcf7-validates-as-required wpcf7-text wpcf7-validates-as-email\" aria-required=\"true\" aria-invalid=\"false\" placeholder=\"Email *\" value=\"\" type=\"email\" name=\"your-email\" \/><\/span>\n\t\t<\/p>\n\t<\/div>\n\t<div class=\"f-message\">\n\t\t<p><span class=\"wpcf7-form-control-wrap\" data-name=\"your-message\"><textarea cols=\"40\" rows=\"10\" maxlength=\"2000\" class=\"wpcf7-form-control wpcf7-textarea wpcf7-validates-as-required\" aria-required=\"true\" aria-invalid=\"false\" placeholder=\"\u00dczenet *\" name=\"your-message\"><\/textarea><\/span>\n\t\t<\/p>\n\t<\/div>\n\t<div class=\"bt-contact\">\n\t\t<p><a class=\"btn-contact-left\"  href=\"javascript:;\"><input class=\"wpcf7-form-control wpcf7-submit has-spinner\" type=\"submit\" value=\"K\u00fcld\u00e9s\" \/><\/a>\n\t\t<\/p>\n\t<\/div>\n<\/div><p style=\"display: none !important;\" class=\"akismet-fields-container\" data-prefix=\"_wpcf7_ak_\"><label>&#916;<textarea name=\"_wpcf7_ak_hp_textarea\" cols=\"45\" rows=\"8\" maxlength=\"100\"><\/textarea><\/label><input type=\"hidden\" id=\"ak_js_1\" name=\"_wpcf7_ak_js\" value=\"197\"\/><script>document.getElementById( \"ak_js_1\" ).setAttribute( \"value\", ( new Date() ).getTime() );<\/script><\/p><div class=\"wpcf7-response-output\" aria-hidden=\"true\"><\/div>\n<\/form>\n<\/div>\n[\/vc_column][\/vc_row][vc_row][vc_column][vc_column_text][\/vc_column_text][\/vc_column][\/vc_row]<\/p>\n<\/section>","protected":false},"excerpt":{"rendered":"<p>[vc_row][vc_column][vc_column_text][\/vc_column_text][\/vc_column][\/vc_row][vc_row full_width=&#8221;stretch_row_content&#8221; equal_height=&#8221;yes&#8221; parallax=&#8221;content-moving&#8221; css=&#8221;.vc_custom_1741343481939{background-color: #232323 !important;}&#8221;][vc_column width=&#8221;1\/2&#8243; use_theme_fonts=&#8221;yes&#8221; css=&#8221;.vc_custom_1741339577473{margin-top: 60px !important;margin-bottom: 60px !important;margin-left: 30px !important;}&#8221;][vc_custom_heading text=&#8221;F\u0151k\u00e9perny\u0151.&#8221; font_container=&#8221;tag:h2|text_align:right|color:%23ffffff&#8221; use_theme_fonts=&#8221;yes&#8221; css=&#8221;.vc_custom_1742814181193{margin-top: -20px !important;margin-bottom: 60px !important;}&#8221;][vc_column_text css=&#8221;.vc_custom_1743025238995{margin-right: 0px !important;margin-left: 0px !important;}&#8221;] T\u0171nj ki a hasonl\u00f3 v\u00e1llalkoz\u00e1sok k\u00f6z\u00fcl! Ny\u00fajts megrendel\u0151idnek egyedi AI k\u00e9p\u00e9lm\u00e9nyeket. Felejthetetlen pillanatok mindenkinek az AI Snapbox-szal! Gyors k\u00e9pgener\u00e1l\u00e1s, kreat\u00edv sablonok, azonnali nyomtat\u00e1s \u00e9s megoszt\u00e1s. Egyszer\u0171en [&hellip;]<\/p>\n","protected":false},"author":4,"featured_media":0,"parent":0,"menu_order":0,"comment_status":"closed","ping_status":"closed","template":"page.php","meta":{"footnotes":""},"class_list":["post-11313","page","type-page","status-publish","hentry"],"_links":{"self":[{"href":"https:\/\/aisnapbox.com\/index.php\/wp-json\/wp\/v2\/pages\/11313","targetHints":{"allow":["GET"]}}],"collection":[{"href":"https:\/\/aisnapbox.com\/index.php\/wp-json\/wp\/v2\/pages"}],"about":[{"href":"https:\/\/aisnapbox.com\/index.php\/wp-json\/wp\/v2\/types\/page"}],"author":[{"embeddable":true,"href":"https:\/\/aisnapbox.com\/index.php\/wp-json\/wp\/v2\/users\/4"}],"replies":[{"embeddable":true,"href":"https:\/\/aisnapbox.com\/index.php\/wp-json\/wp\/v2\/comments?post=11313"}],"version-history":[{"count":25,"href":"https:\/\/aisnapbox.com\/index.php\/wp-json\/wp\/v2\/pages\/11313\/revisions"}],"predecessor-version":[{"id":11579,"href":"https:\/\/aisnapbox.com\/index.php\/wp-json\/wp\/v2\/pages\/11313\/revisions\/11579"}],"wp:attachment":[{"href":"https:\/\/aisnapbox.com\/index.php\/wp-json\/wp\/v2\/media?parent=11313"}],"curies":[{"name":"wp","href":"https:\/\/api.w.org\/{rel}","templated":true}]}}