{"id":11326,"date":"2025-03-19T08:58:01","date_gmt":"2025-03-19T08:58:01","guid":{"rendered":"https:\/\/aisnapbox.com\/?post_type=product&#038;p=11326"},"modified":"2025-03-27T14:58:41","modified_gmt":"2025-03-27T14:58:41","slug":"1-havi-licence","status":"publish","type":"product","link":"https:\/\/aisnapbox.com\/index.php\/product\/1-havi-licence\/","title":{"rendered":"45 napos teszt licence"},"content":{"rendered":"<p class=\"western\"><span lang=\"en-US\"><span style=\"vertical-align: inherit;\"><span style=\"vertical-align: inherit;\"><span style=\"vertical-align: inherit;\"><span style=\"vertical-align: inherit;\"><span style=\"vertical-align: inherit;\"><span style=\"vertical-align: inherit;\"><span style=\"vertical-align: inherit;\"><span style=\"vertical-align: inherit;\"><span style=\"vertical-align: inherit;\"><span style=\"vertical-align: inherit;\"><span style=\"vertical-align: inherit;\"><span style=\"vertical-align: inherit;\"><span style=\"vertical-align: inherit;\"><span style=\"vertical-align: inherit;\"><span style=\"vertical-align: inherit;\"><span style=\"vertical-align: inherit;\"><span style=\"vertical-align: inherit;\"><span style=\"vertical-align: inherit;\">Az AI Snapbox integr\u00e1ci\u00f3s k\u00e9pess\u00e9geinek kiv\u00e1l\u00f3 szoftver kompatibilis minden fot\u00f3kabin rendszerrel, legyen sz\u00f3 Windows, vagy Android alap\u00fa hagyom\u00e1nyos hardverk\u00f6rnyezetekr\u0151l. Az AI Snapbox gyorsan \u00e9s hat\u00e9konyan haszn\u00e1lhat\u00f3 kamera- \u00e9s nyomtat\u00f3infrastrukt\u00far\u00e1hoz, minimaliz\u00e1lva az \u00e1t\u00e1ll\u00e1si id\u0151t \u00e9s k\u00f6lts\u00e9geket. Ez a zavartalan integr\u00e1ci\u00f3 biztos\u00edtja, hogy a v\u00e1llalkoz\u00e1sok azonnal \u00e9lvezhess\u00e9k az AI Snapbox el\u0151nyeit an\u00e9lk\u00fcl, hogy jelent\u0151s technikai akad\u00e1lyokat kellene elh\u00e1r\u00edtaniuk. A k\u00f6nny\u0171 telep\u00edt\u00e9s \u00e9s egyszer\u0171 haszn\u00e1lat r\u00e9v\u00e9n az AI Snapbox ide\u00e1lis minden v\u00e1llalkoz\u00e1s sz\u00e1m\u00e1ra, hiszen egyetlen eszk\u00f6z\u00f6n kereszt\u00fcl lehet\u0151s\u00e9g van mind hagyom\u00e1nyos, mind AI \u00e1ltal gener\u00e1lt k\u00e9pek k\u00e9sz\u00edt\u00e9s\u00e9re. Egy eszk\u00f6z, k\u00e9t szolg\u00e1ltat\u00e1s \u2013 ez az AI Snapbox.<\/span><\/span><\/span><\/span><\/span><\/span><\/span><\/span><\/span><\/span><\/span><\/span><\/span><\/span><\/span><\/span><\/span><\/span><\/span><\/p>\n<p class=\"western\" align=\"justify\"><span lang=\"en-US\"><span style=\"vertical-align: inherit;\"><span style=\"vertical-align: inherit;\"><span style=\"vertical-align: inherit;\"><span style=\"vertical-align: inherit;\"><span style=\"vertical-align: inherit;\"><span style=\"vertical-align: inherit;\"><span style=\"vertical-align: inherit;\"><span style=\"vertical-align: inherit;\"><span style=\"vertical-align: inherit;\"><span style=\"vertical-align: inherit;\"><span style=\"vertical-align: inherit;\"><span style=\"vertical-align: inherit;\"><span style=\"vertical-align: inherit;\"><span style=\"vertical-align: inherit;\"><span style=\"vertical-align: inherit;\"><span style=\"vertical-align: inherit;\"><span style=\"vertical-align: inherit;\"><span style=\"vertical-align: inherit;\">Az AI Snapbox szoftver haszn\u00e1lata sz\u00e1mos el\u0151nnyel b\u00edr a v\u00e1llalkoz\u00e1sok sz\u00e1m\u00e1ra. A kompatibilit\u00e1s lehet\u0151v\u00e9 teszi, hogy a szoftver probl\u00e9mamentesen integr\u00e1lj\u00e1k a m\u00e1r megl\u00e9v\u0151 rendszereket, minimaliz\u00e1lva az \u00e1t\u00e1ll\u00e1si id\u0151t \u00e9s k\u00f6lts\u00e9geket. A korl\u00e1tlan k\u00e9pgener\u00e1l\u00e1snak nincs sz\u00fcks\u00e9ge a kreditek kezel\u00e9s\u00e9re ami k\u00f6lts\u00e9ghat\u00e9konyabb m\u0171k\u00f6d\u00e9st \u00e9s magasabb profitot biztos\u00edt. Ezenfel\u00fcl az AI Snapbox egyed\u00fcl\u00e1ll\u00f3an sz\u00e9les sablonv\u00e1laszt\u00e9ka \u00e9s az AI \u00e1ltal gener\u00e1lt k\u00e9pek lehet\u0151s\u00e9ge r\u00e9v\u00e9n a speci\u00e1lis v\u00e1llalkoz\u00e1sok \u00e9s szem\u00e9lyre szabott szolg\u00e1ltat\u00e1sok ny\u00fajthatnak \u00fcgyfeleiknek, n\u00f6velve a versenyk\u00e9pess\u00e9g\u00fcket. A v\u00e1llalkoz\u00e1s m\u0171k\u00f6d\u00e9si javulhat, ami helyett hat\u00e9konys\u00e1got tesz lehet\u0151v\u00e9, hogy a folyamatos menedzsel\u00e9se az \u00fczleti fejleszt\u00e9sek ker\u00fcljenek a f\u00f3kuszba.<\/span><\/span><\/span><\/span><\/span><\/span><\/span><\/span><\/span><\/span><\/span><\/span><\/span><\/span><\/span><\/span><\/span><\/span><\/span><\/p>\n","protected":false},"excerpt":{"rendered":"<p style=\"text-align: left;\"><span style=\"vertical-align: inherit;\"><span style=\"vertical-align: inherit;\"><span style=\"vertical-align: inherit;\"><span style=\"vertical-align: inherit;\"><span style=\"vertical-align: inherit;\"><span style=\"vertical-align: inherit;\"><span style=\"vertical-align: inherit;\"><span style=\"vertical-align: inherit;\"><span style=\"vertical-align: inherit;\"><span style=\"vertical-align: inherit;\"><span style=\"vertical-align: inherit;\"><span style=\"vertical-align: inherit;\"><span style=\"vertical-align: inherit;\"><span style=\"vertical-align: inherit;\"><span style=\"vertical-align: inherit;\"><span style=\"vertical-align: inherit;\">AI Snapbox 45 napos teszt licenc.<\/span><\/span><\/span><\/span><\/span><\/span><\/span><\/span><\/span><\/span><\/span><\/span><\/span><\/span><\/span><\/span><\/p>\n<p style=\"text-align: left;\"><span style=\"vertical-align: inherit;\"><span style=\"vertical-align: inherit;\"><span style=\"vertical-align: inherit;\"><span style=\"vertical-align: inherit;\">AI-alap\u00fa Photo Booth szofter <\/span><\/span><\/span><\/span><span style=\"text-align: center;\"><span style=\"vertical-align: inherit;\"><span style=\"vertical-align: inherit;\"><span style=\"vertical-align: inherit;\"><span style=\"vertical-align: inherit;\">Windows<\/span><\/span><\/span><\/span><\/span><\/p>\n<p style=\"text-align: left;\"><span style=\"vertical-align: inherit;\"><span style=\"vertical-align: inherit;\"><span style=\"vertical-align: inherit;\"><span style=\"vertical-align: inherit;\"><span style=\"vertical-align: inherit;\"><span style=\"vertical-align: inherit;\"><span style=\"vertical-align: inherit;\"><span style=\"vertical-align: inherit;\"><span style=\"vertical-align: inherit;\"><span style=\"vertical-align: inherit;\"><span style=\"vertical-align: inherit;\"><span style=\"vertical-align: inherit;\"><span style=\"vertical-align: inherit;\"><span style=\"vertical-align: inherit;\"><span style=\"vertical-align: inherit;\"><span style=\"vertical-align: inherit;\">\u00a0vagy Android oper\u00e1ci\u00f3s rendszerre.<\/span><\/span><\/span><\/span><\/span><\/span><\/span><\/span><\/span><\/span><\/span><\/span><\/span><\/span><\/span><\/span><\/p>\n<p>&nbsp;<\/p>\n","protected":false},"featured_media":11423,"comment_status":"closed","ping_status":"closed","template":"","meta":[],"product_brand":[68],"product_cat":[67],"product_tag":[],"class_list":{"0":"post-11326","1":"product","2":"type-product","3":"status-publish","4":"has-post-thumbnail","6":"product_brand-ai-snapbox","7":"product_cat-uncategorized","9":"first","10":"instock","11":"virtual","12":"purchasable","13":"product-type-simple"},"_links":{"self":[{"href":"https:\/\/aisnapbox.com\/index.php\/wp-json\/wp\/v2\/product\/11326","targetHints":{"allow":["GET"]}}],"collection":[{"href":"https:\/\/aisnapbox.com\/index.php\/wp-json\/wp\/v2\/product"}],"about":[{"href":"https:\/\/aisnapbox.com\/index.php\/wp-json\/wp\/v2\/types\/product"}],"replies":[{"embeddable":true,"href":"https:\/\/aisnapbox.com\/index.php\/wp-json\/wp\/v2\/comments?post=11326"}],"wp:featuredmedia":[{"embeddable":true,"href":"https:\/\/aisnapbox.com\/index.php\/wp-json\/wp\/v2\/media\/11423"}],"wp:attachment":[{"href":"https:\/\/aisnapbox.com\/index.php\/wp-json\/wp\/v2\/media?parent=11326"}],"wp:term":[{"taxonomy":"product_brand","embeddable":true,"href":"https:\/\/aisnapbox.com\/index.php\/wp-json\/wp\/v2\/product_brand?post=11326"},{"taxonomy":"product_cat","embeddable":true,"href":"https:\/\/aisnapbox.com\/index.php\/wp-json\/wp\/v2\/product_cat?post=11326"},{"taxonomy":"product_tag","embeddable":true,"href":"https:\/\/aisnapbox.com\/index.php\/wp-json\/wp\/v2\/product_tag?post=11326"}],"curies":[{"name":"wp","href":"https:\/\/api.w.org\/{rel}","templated":true}]}}